{"id":284,"date":"2018-05-24T19:24:42","date_gmt":"2018-05-24T17:24:42","guid":{"rendered":"http:\/\/aktuell.angela-hildebrandt.de\/?page_id=284"},"modified":"2022-11-05T18:44:10","modified_gmt":"2022-11-05T17:44:10","slug":"__trashed","status":"publish","type":"page","link":"https:\/\/angela-hildebrandt.de\/?page_id=284","title":{"rendered":"Datenschutzerkl\u00e4rung"},"content":{"rendered":"<p>Datenschutzerkl\u00e4rung<\/p>\n<p><strong>Einleitung<\/strong><\/p>\n<p>Mit der folgenden Datenschutzerkl\u00e4rung m\u00f6chten wir Sie dar\u00fcber aufkl\u00e4ren, welche Arten Ihrer personenbezogenen Daten (nachfolgend auch kurz als &#8222;Daten\u201c bezeichnet) wir zu welchen Zwecken und in welchem Umfang verarbeiten. Die Datenschutzerkl\u00e4rung gilt f\u00fcr alle von uns durchgef\u00fchrten Verarbeitungen personenbezogener Daten, sowohl im Rahmen der Erbringung unserer Leistungen als auch insbesondere auf unseren Webseiten, in mobilen Applikationen sowie innerhalb externer Onlinepr\u00e4senzen, wie z.B. unserer Social-Media-Profile (nachfolgend zusammenfassend bezeichnet als &#8222;Onlineangebot\u201c).<\/p>\n<p>Die verwendeten Begriffe sind nicht geschlechtsspezifisch.<\/p>\n<p>Stand: 4. November 2022<\/p>\n<p><strong>Inhalts\u00fcbersicht<\/strong><\/p>\n<ul>\n<li><a href=\"https:\/\/datenschutz-generator.de\/#m14\">Einleitung<\/a><\/li>\n<li><a href=\"https:\/\/datenschutz-generator.de\/#m3\">Verantwortlicher<\/a><\/li>\n<li><a href=\"https:\/\/datenschutz-generator.de\/#mOverview\">\u00dcbersicht der Verarbeitungen<\/a><\/li>\n<li><a href=\"https:\/\/datenschutz-generator.de\/#m13\">Ma\u00dfgebliche Rechtsgrundlagen<\/a><\/li>\n<li><a href=\"https:\/\/datenschutz-generator.de\/#m27\">Sicherheitsma\u00dfnahmen<\/a><\/li>\n<li><a href=\"https:\/\/datenschutz-generator.de\/#m134\">Einsatz von Cookies<\/a><\/li>\n<li><a href=\"https:\/\/datenschutz-generator.de\/#m263\">Webanalyse, Monitoring und Optimierung<\/a><\/li>\n<li><a href=\"https:\/\/datenschutz-generator.de\/#m42\">Begriffsdefinitionen<\/a><\/li>\n<\/ul>\n<p><strong>Verantwortlicher<\/strong><\/p>\n<p>Angela Hildebrandt<\/p>\n<p>E-Mail-Adresse:<\/p>\n<p>angela.hildebrandt@t-online.de<\/p>\n<p><strong>\u00dcbersicht der Verarbeitungen<\/strong><\/p>\n<p>Die nachfolgende \u00dcbersicht fasst die Arten der verarbeiteten Daten und die Zwecke ihrer Verarbeitung zusammen und verweist auf die betroffenen Personen.<\/p>\n<p><strong>Arten der verarbeiteten Daten<\/strong><\/p>\n<ul>\n<li>Nutzungsdaten<\/li>\n<li>Meta-\/Kommunikationsdaten.<\/li>\n<\/ul>\n<p><strong>Kategorien betroffener Personen<\/strong><\/p>\n<ul>\n<li>Nutzer<\/li>\n<\/ul>\n<p><strong>Zwecke der Verarbeitung<\/strong><\/p>\n<ul>\n<li>Reichweitenmessung<\/li>\n<li>Profile mit nutzerbezogenen Informationen.<\/li>\n<\/ul>\n<p><strong>Ma\u00dfgebliche Rechtsgrundlagen<\/strong><\/p>\n<p>Im Folgenden erhalten Sie eine \u00dcbersicht der Rechtsgrundlagen der DSGVO, auf deren Basis wir personenbezogene Daten verarbeiten. Bitte nehmen Sie zur Kenntnis, dass neben den Regelungen der DSGVO nationale Datenschutzvorgaben in Ihrem bzw. unserem Wohn- oder Sitzland gelten k\u00f6nnen. Sollten ferner im Einzelfall speziellere Rechtsgrundlagen ma\u00dfgeblich sein, teilen wir Ihnen diese in der Datenschutzerkl\u00e4rung mit.<\/p>\n<p>Zus\u00e4tzlich zu den Datenschutzregelungen der Datenschutz-Grundverordnung gelten nationale Regelungen zum Datenschutz in Deutschland. Hierzu geh\u00f6rt insbesondere das Gesetz zum Schutz vor Missbrauch personenbezogener Daten bei der Datenverarbeitung (Bundesdatenschutzgesetz \u2013 BDSG). Das BDSG enth\u00e4lt insbesondere Spezialregelungen zum Recht auf Auskunft, zum Recht auf L\u00f6schung, zum Widerspruchsrecht, zur Verarbeitung besonderer Kategorien personenbezogener Daten, zur Verarbeitung f\u00fcr andere Zwecke und zur \u00dcbermittlung sowie automatisierten Entscheidungsfindung im Einzelfall einschlie\u00dflich Profiling. Des Weiteren regelt es die Datenverarbeitung f\u00fcr Zwecke des Besch\u00e4ftigungsverh\u00e4ltnisses (\u00a7 26 BDSG), insbesondere im Hinblick auf die Begr\u00fcndung, Durchf\u00fchrung oder Beendigung von Besch\u00e4ftigungsverh\u00e4ltnissen sowie die Einwilligung von Besch\u00e4ftigten. Ferner k\u00f6nnen Landesdatenschutzgesetze der einzelnen Bundesl\u00e4nder zur Anwendung gelangen.<\/p>\n<p><strong>Sicherheitsma\u00dfnahmen<\/strong><\/p>\n<p>Wir treffen nach Ma\u00dfgabe der gesetzlichen Vorgaben unter Ber\u00fccksichtigung des Stands der Technik, der Implementierungskosten und der Art, des Umfangs, der Umst\u00e4nde und der Zwecke der Verarbeitung sowie der unterschiedlichen Eintrittswahrscheinlichkeiten und des Ausma\u00dfes der Bedrohung der Rechte und Freiheiten nat\u00fcrlicher Personen geeignete technische und organisatorische Ma\u00dfnahmen, um ein dem Risiko angemessenes Schutzniveau zu gew\u00e4hrleisten.<\/p>\n<p>Zu den Ma\u00dfnahmen geh\u00f6ren insbesondere die Sicherung der Vertraulichkeit, Integrit\u00e4t und Verf\u00fcgbarkeit von Daten durch Kontrolle des physischen und elektronischen Zugangs zu den Daten als auch des sie betreffenden Zugriffs, der Eingabe, der Weitergabe, der Sicherung der Verf\u00fcgbarkeit und ihrer Trennung. Des Weiteren haben wir Verfahren eingerichtet, die eine Wahrnehmung von Betroffenenrechten, die L\u00f6schung von Daten und Reaktionen auf die Gef\u00e4hrdung der Daten gew\u00e4hrleisten. Ferner ber\u00fccksichtigen wir den Schutz personenbezogener Daten bereits bei der Entwicklung bzw. Auswahl von Hardware, Software sowie Verfahren entsprechend dem Prinzip des Datenschutzes, durch Technikgestaltung und durch datenschutzfreundliche Voreinstellungen.<\/p>\n<p>K\u00fcrzung der IP-Adresse: Sofern IP-Adressen von uns oder von den eingesetzten Dienstleistern und Technologien verarbeitet werden und die Verarbeitung einer vollst\u00e4ndigen IP-Adresse nicht erforderlich ist, wird die IP-Adresse gek\u00fcrzt (auch als &#8222;IP-Masking&#8220; bezeichnet). Hierbei werden die letzten beiden Ziffern, bzw. der letzte Teil der IP-Adresse nach einem Punkt entfernt, bzw. durch Platzhalter ersetzt. Mit der K\u00fcrzung der IP-Adresse soll die Identifizierung einer Person anhand ihrer IP-Adresse verhindert oder wesentlich erschwert werden.<\/p>\n<p><strong>Einsatz von Cookies<\/strong><\/p>\n<p>Cookies sind kleine Textdateien, bzw. sonstige Speichervermerke, die Informationen auf Endger\u00e4ten speichern und Informationen aus den Endger\u00e4ten auslesen. Z.B. um den Login-Status in einem Nutzerkonto, einen Warenkorbinhalt in einem E-Shop, die aufgerufenen Inhalte oder verwendete Funktionen eines Onlineangebotes speichern. Cookies k\u00f6nnen ferner zu unterschiedlichen Zwecken eingesetzt werden, z.B. zu Zwecken der Funktionsf\u00e4higkeit, Sicherheit und Komfort von Onlineangeboten sowie der Erstellung von Analysen der Besucherstr\u00f6me.<\/p>\n<p><strong>Hinweise zur Einwilligung:\u00a0<\/strong>Wir setzen Cookies im Einklang mit den gesetzlichen Vorschriften ein. Daher holen wir von den Nutzern eine vorhergehende Einwilligung ein, au\u00dfer wenn diese gesetzlich nicht gefordert ist. Eine Einwilligung ist insbesondere nicht notwendig, wenn das Speichern und das Auslesen der Informationen, also auch von Cookies, unbedingt erforderlich sind, um dem den Nutzern einen von ihnen ausdr\u00fccklich gew\u00fcnschten Telemediendienst (also unser Onlineangebot) zur Verf\u00fcgung zu stellen. Die widerrufliche Einwilligung wird gegen\u00fcber den Nutzern deutlich kommuniziert und enth\u00e4lt die Informationen zu der jeweiligen Cookie-Nutzung.<\/p>\n<p><strong>Hinweise zu datenschutzrechtlichen Rechtsgrundlagen:\u00a0<\/strong>Auf welcher datenschutzrechtlichen Rechtsgrundlage wir die personenbezogenen Daten der Nutzer mit Hilfe von Cookies verarbeiten, h\u00e4ngt davon ab, ob wir Nutzer um eine Einwilligung bitten. Falls die Nutzer einwilligen, ist die Rechtsgrundlage der Verarbeitung Ihrer Daten die erkl\u00e4rte Einwilligung. Andernfalls werden die mithilfe von Cookies verarbeiteten Daten auf Grundlage unserer berechtigten Interessen (z.B. an einem betriebswirtschaftlichen Betrieb unseres Onlineangebotes und Verbesserung seiner Nutzbarkeit) verarbeitet oder, wenn dies im Rahmen der Erf\u00fcllung unserer vertraglichen Pflichten erfolgt, wenn der Einsatz von Cookies erforderlich ist, um unsere vertraglichen Verpflichtungen zu erf\u00fcllen. Zu welchen Zwecken die Cookies von uns verarbeitet werden, dar\u00fcber kl\u00e4ren wir im Laufe dieser Datenschutzerkl\u00e4rung oder im Rahmen von unseren Einwilligungs- und Verarbeitungsprozessen auf.<\/p>\n<p><strong>Speicherdauer:\u00a0<\/strong>Im Hinblick auf die Speicherdauer werden die folgenden Arten von Cookies unterschieden:<\/p>\n<ul>\n<li><strong>Tempor\u00e4re Cookies (auch: Session- oder Sitzungs-Cookies): <\/strong>Tempor\u00e4re Cookies werden sp\u00e4testens gel\u00f6scht, nachdem ein Nutzer ein Online-Angebot verlassen und sein Endger\u00e4t (z.B. Browser oder mobile Applikation) geschlossen hat.<\/li>\n<li><strong>Permanente Cookies: <\/strong>Permanente Cookies bleiben auch nach dem Schlie\u00dfen des Endger\u00e4tes gespeichert. So k\u00f6nnen beispielsweise der Login-Status gespeichert oder bevorzugte Inhalte direkt angezeigt werden, wenn der Nutzer eine Website erneut besucht. Ebenso k\u00f6nnen die mit Hilfe von Cookies erhobenen Daten der Nutzer zur Reichweitenmessung verwendet werden. Sofern wir Nutzern\u00a0keine expliziten Angaben zur Art und Speicherdauer von Cookies mitteilen (z. B. im Rahmen der Einholung der Einwilligung), sollten Nutzer davon ausgehen, dass Cookies permanent sind und die Speicherdauer bis zu zwei Jahre betragen kann.<\/li>\n<\/ul>\n<p><strong>Allgemeine Hinweise zum Widerruf und Widerspruch (Opt-Out):\u00a0<\/strong>Nutzer k\u00f6nnen die von ihnen abgegebenen Einwilligungen jederzeit widerrufen und zudem einen Widerspruch gegen die Verarbeitung entsprechend\u00a0den gesetzlichen Vorgaben im Art. 21 DSGVO einlegen.\u00a0Nutzer k\u00f6nnen ihren Widerspruch auch \u00fcber die Einstellungen ihres Browsers erkl\u00e4ren, z.B. durch Deaktivierung der Verwendung von Cookies (wobei dadurch auch die Funktionalit\u00e4t unserer Online-Dienste eingeschr\u00e4nkt sein kann). Ein Widerspruch gegen die Verwendung von Cookies zu Online-Marketing-Zwecken kann auch \u00fcber die Websites\u00a0<a href=\"https:\/\/optout.aboutads.info\/\">https:\/\/optout.aboutads.info<\/a>\u00a0und\u00a0<a href=\"https:\/\/www.youronlinechoices.com\/\">https:\/\/www.youronlinechoices.com\/<\/a>\u00a0erkl\u00e4rt werden.<\/p>\n<p><strong>Weitere Hinweise zu Verarbeitungsprozessen, Verfahren und Diensten:<\/strong><\/p>\n<ul>\n<li><strong>Verarbeitung von Cookie-Daten auf Grundlage einer Einwilligung:\u00a0<\/strong>Wir setzen ein Verfahren zum Cookie-Einwilligungs-Management ein, in dessen Rahmen die Einwilligungen der Nutzer in den Einsatz von Cookies, bzw. der im Rahmen des Cookie-Einwilligungs-Management-Verfahrens genannten Verarbeitungen und Anbieter eingeholt sowie von den Nutzern verwaltet und widerrufen werden k\u00f6nnen. Hierbei wird die Einwilligungserkl\u00e4rung gespeichert, um deren Abfrage nicht erneut wiederholen zu m\u00fcssen und die Einwilligung entsprechend der gesetzlichen Verpflichtung nachweisen zu k\u00f6nnen. Die Speicherung kann serverseitig und\/oder in einem Cookie (sogenanntes Opt-In-Cookie, bzw. mithilfe vergleichbarer Technologien) erfolgen, um die Einwilligung einem Nutzer, bzw. dessen Ger\u00e4t zuordnen zu k\u00f6nnen. Vorbehaltlich individueller Angaben zu den Anbietern von Cookie-Management-Diensten, gelten die folgenden Hinweise: Die Dauer der Speicherung der Einwilligung kann bis zu zwei Jahren betragen. Hierbei wird ein pseudonymer Nutzer-Identifikator gebildet und mit dem Zeitpunkt der Einwilligung, Angaben zur Reichweite der Einwilligung (z. B. welche Kategorien von Cookies und\/oder Diensteanbieter) sowie dem Browser, System und verwendeten Endger\u00e4t gespeichert.<\/li>\n<\/ul>\n<p><strong>Webanalyse, Monitoring und Optimierung<\/strong><\/p>\n<p>Die Webanalyse (auch als &#8222;Reichweitenmessung&#8220; bezeichnet) dient der Auswertung der Besucherstr\u00f6me unseres Onlineangebotes und kann Verhalten, Interessen oder demographische Informationen zu den Besuchern, wie z.B. das Alter oder das Geschlecht, als pseudonyme Werte umfassen. Mit Hilfe der Reichweitenanalyse k\u00f6nnen wir z.B. erkennen, zu welcher Zeit unser Onlineangebot oder dessen Funktionen oder Inhalte am h\u00e4ufigsten genutzt werden oder zur Wiederverwendung einladen. Ebenso k\u00f6nnen wir nachvollziehen, welche Bereiche der Optimierung bed\u00fcrfen.<\/p>\n<p>Neben der Webanalyse k\u00f6nnen wir auch Testverfahren einsetzen, um z.B. unterschiedliche Versionen unseres Onlineangebotes oder seiner Bestandteile zu testen und optimieren.<\/p>\n<p>Sofern nachfolgend nicht anders angegeben, k\u00f6nnen zu diesen Zwecken Profile, d.h. zu einem Nutzungsvorgang zusammengefasste Daten angelegt und Informationen in einem Browser, bzw. in einem Endger\u00e4t gespeichert und aus diesem ausgelesen werden. Zu den erhobenen Angaben geh\u00f6ren insbesondere besuchte Webseiten und dort genutzte Elemente sowie technische Angaben, wie der verwendete Browser, das verwendete Computersystem sowie Angaben zu Nutzungszeiten. Sofern Nutzer in die Erhebung ihrer Standortdaten uns gegen\u00fcber oder gegen\u00fcber den Anbietern der von uns eingesetzten Dienste einverstanden erkl\u00e4rt haben, k\u00f6nnen auch Standortdaten verarbeitet werden.<\/p>\n<p>Es werden ebenfalls die IP-Adressen der Nutzer gespeichert. Jedoch nutzen wir ein IP-Masking-Verfahren (d.h., Pseudonymisierung durch K\u00fcrzung der IP-Adresse) zum Schutz der Nutzer. Generell werden die im Rahmen von Webanalyse, A\/B-Testings und Optimierung keine Klardaten der Nutzer (wie z.B. E-Mail-Adressen oder Namen) gespeichert, sondern Pseudonyme. D.h., wir als auch die Anbieter der eingesetzten Software kennen nicht die tats\u00e4chliche Identit\u00e4t der Nutzer, sondern nur den f\u00fcr Zwecke der jeweiligen Verfahren in deren Profilen gespeicherten Angaben.<\/p>\n<ul>\n<li><strong>Verarbeitete Datenarten: <\/strong>Nutzungsdaten (z.B. besuchte Webseiten, Interesse an Inhalten, Zugriffszeiten); Meta-\/Kommunikationsdaten (z.B. Ger\u00e4te-Informationen, IP-Adressen).<\/li>\n<li><strong>Betroffene Personen: <\/strong>Nutzer (z.B. Webseitenbesucher, Nutzer von Onlinediensten).<\/li>\n<li><strong>Zwecke der Verarbeitung: <\/strong>Reichweitenmessung (z.B. Zugriffsstatistiken, Erkennung wiederkehrender Besucher); Profile mit nutzerbezogenen Informationen (Erstellen von Nutzerprofilen).<\/li>\n<li><strong>Sicherheitsma\u00dfnahmen: <\/strong>IP-Masking (Pseudonymisierung der IP-Adresse).<\/li>\n<\/ul>\n<p><strong>Begriffsdefinitionen<\/strong><\/p>\n<p>In diesem Abschnitt erhalten Sie eine \u00dcbersicht \u00fcber die in dieser Datenschutzerkl\u00e4rung verwendeten Begrifflichkeiten. Viele der Begriffe sind dem Gesetz entnommen und vor allem im Art. 4 DSGVO definiert. Die gesetzlichen Definitionen sind verbindlich. Die nachfolgenden Erl\u00e4uterungen sollen dagegen vor allem dem Verst\u00e4ndnis dienen. Die Begriffe sind alphabetisch sortiert.<\/p>\n<ul>\n<li><strong>Personenbezogene Daten: <\/strong>&#8222;Personenbezogene Daten\u201c sind alle Informationen, die sich auf eine identifizierte oder identifizierbare nat\u00fcrliche Person (im Folgenden &#8222;betroffene Person\u201c) beziehen; als identifizierbar wird eine nat\u00fcrliche Person angesehen, die direkt oder indirekt, insbesondere mittels Zuordnung zu einer Kennung wie einem Namen, zu einer Kennnummer, zu Standortdaten, zu einer Online-Kennung (z.B. Cookie) oder zu einem oder mehreren besonderen Merkmalen identifiziert werden kann, die Ausdruck der physischen, physiologischen, genetischen, psychischen, wirtschaftlichen, kulturellen oder sozialen Identit\u00e4t dieser nat\u00fcrlichen Person sind.<\/li>\n<li><strong>Profile mit nutzerbezogenen Informationen: <\/strong>Die Verarbeitung von &#8222;Profilen mit nutzerbezogenen Informationen&#8220;, bzw. kurz &#8222;Profilen&#8220; umfasst jede Art der automatisierten Verarbeitung personenbezogener Daten, die darin besteht, dass diese personenbezogenen Daten verwendet werden, um bestimmte pers\u00f6nliche Aspekte, die sich auf eine nat\u00fcrliche Person beziehen (je nach Art der Profilbildung k\u00f6nnen dazu unterschiedliche Informationen betreffend die Demographie, Verhalten und Interessen, wie z.B. die Interaktion mit Webseiten und deren Inhalten, etc.) zu analysieren, zu bewerten oder, um sie vorherzusagen (z.B. die Interessen an bestimmten Inhalten oder Produkten, das Klickverhalten auf einer Webseite oder den Aufenthaltsort). Zu Zwecken des Profilings werden h\u00e4ufig Cookies und Web-Beacons eingesetzt.<\/li>\n<li><strong>Reichweitenmessung: <\/strong>Die Reichweitenmessung (auch als Web Analytics bezeichnet) dient der Auswertung der Besucherstr\u00f6me eines Onlineangebotes und kann das Verhalten oder Interessen der Besucher an bestimmten Informationen, wie z.B. Inhalten von Webseiten, umfassen. Mit Hilfe der Reichweitenanalyse k\u00f6nnen Webseiteninhaber z.B. erkennen, zu welcher Zeit Besucher ihre Webseite besuchen und f\u00fcr welche Inhalte sie sich interessieren. Dadurch k\u00f6nnen sie z.B. die Inhalte der Webseite besser an die Bed\u00fcrfnisse ihrer Besucher anpassen. Zu Zwecken der Reichweitenanalyse werden h\u00e4ufig pseudonyme Cookies und Web-Beacons eingesetzt, um wiederkehrende Besucher zu erkennen und so genauere Analysen zur Nutzung eines Onlineangebotes zu erhalten.<\/li>\n<li><strong>Verantwortlicher: <\/strong>Als &#8222;Verantwortlicher\u201c wird die nat\u00fcrliche oder juristische Person, Beh\u00f6rde, Einrichtung oder andere Stelle, die allein oder gemeinsam mit anderen \u00fcber die Zwecke und Mittel der Verarbeitung von personenbezogenen Daten entscheidet, bezeichnet.<\/li>\n<li><strong>Verarbeitung: <\/strong>&#8222;Verarbeitung&#8220; ist jeder mit oder ohne Hilfe automatisierter Verfahren ausgef\u00fchrte Vorgang oder jede solche Vorgangsreihe im Zusammenhang mit personenbezogenen Daten. Der Begriff reicht weit und umfasst praktisch jeden Umgang mit Daten, sei es das Erheben, das Auswerten, das Speichern, das \u00dcbermitteln oder das L\u00f6schen.<\/li>\n<\/ul>\n<p>Erstellt mit Datenschutz-Generator.de von RA Dr. Thomas Schwenke<\/p>\n<h2><\/h2>\n<h3><\/h3>\n","protected":false},"excerpt":{"rendered":"<p>Datenschutzerkl\u00e4rung Einleitung Mit der folgenden Datenschutzerkl\u00e4rung m\u00f6chten wir Sie dar\u00fcber aufkl\u00e4ren, welche Arten Ihrer personenbezogenen Daten (nachfolgend auch kurz als &#8222;Daten\u201c bezeichnet) wir zu welchen Zwecken und in welchem Umfang verarbeiten. Die Datenschutzerkl\u00e4rung gilt f\u00fcr alle von uns durchgef\u00fchrten Verarbeitungen personenbezogener Daten, sowohl im Rahmen der Erbringung unserer Leistungen als auch insbesondere auf unseren Webseiten,&hellip;<\/p>\n","protected":false},"author":1,"featured_media":0,"parent":0,"menu_order":0,"comment_status":"closed","ping_status":"closed","template":"","meta":{"footnotes":""},"class_list":["post-284","page","type-page","status-publish","hentry","no-post-thumbnail","post-grid-4-col","entry"],"_links":{"self":[{"href":"https:\/\/angela-hildebrandt.de\/index.php?rest_route=\/wp\/v2\/pages\/284","targetHints":{"allow":["GET"]}}],"collection":[{"href":"https:\/\/angela-hildebrandt.de\/index.php?rest_route=\/wp\/v2\/pages"}],"about":[{"href":"https:\/\/angela-hildebrandt.de\/index.php?rest_route=\/wp\/v2\/types\/page"}],"author":[{"embeddable":true,"href":"https:\/\/angela-hildebrandt.de\/index.php?rest_route=\/wp\/v2\/users\/1"}],"replies":[{"embeddable":true,"href":"https:\/\/angela-hildebrandt.de\/index.php?rest_route=%2Fwp%2Fv2%2Fcomments&post=284"}],"version-history":[{"count":5,"href":"https:\/\/angela-hildebrandt.de\/index.php?rest_route=\/wp\/v2\/pages\/284\/revisions"}],"predecessor-version":[{"id":1422,"href":"https:\/\/angela-hildebrandt.de\/index.php?rest_route=\/wp\/v2\/pages\/284\/revisions\/1422"}],"wp:attachment":[{"href":"https:\/\/angela-hildebrandt.de\/index.php?rest_route=%2Fwp%2Fv2%2Fmedia&parent=284"}],"curies":[{"name":"wp","href":"https:\/\/api.w.org\/{rel}","templated":true}]}}