{"id":2,"date":"2017-10-20T15:48:21","date_gmt":"2017-10-20T13:48:21","guid":{"rendered":"http:\/\/aktuell.angela-hildebrandt.de\/?page_id=2"},"modified":"2025-11-18T20:19:57","modified_gmt":"2025-11-18T19:19:57","slug":"sample-page","status":"publish","type":"page","link":"https:\/\/angela-hildebrandt.de\/?page_id=2","title":{"rendered":"vita"},"content":{"rendered":"<dl>\n<dt><\/dt>\n<\/dl>\n<p><em><strong><span style=\"color: #333333;\">Vorschau 2026<\/span><\/strong><\/em><\/p>\n<p>\u2192Ausstellung <strong>Gruppenausflug<\/strong><br \/>\nSt\u00e4dtische Galerie Herrenberg<\/p>\n<p><em><strong><span style=\"color: #333333;\">Vorschau 2025<\/span><\/strong><\/em><\/p>\n<p>\u2192<strong>Neues im Kolonialwarenladen<\/strong><br \/>\nGalerie Diez, Dettingen<\/p>\n<p><strong>\u2192Farbe der Ver\u00e4nderung<\/strong><br \/>\nartspace wieweg, Kirchheim u.T.<\/p>\n<p>&nbsp;<\/p>\n<hr \/>\n<p>&nbsp;<\/p>\n<p><img loading=\"lazy\" decoding=\"async\" class=\"alignnone size-full wp-image-267\" src=\"http:\/\/angela-hildebrandt.de\/wp-content\/uploads\/2017\/10\/Portrait-ah_kl.jpg\" alt=\"\" width=\"400\" height=\"300\" srcset=\"https:\/\/angela-hildebrandt.de\/wp-content\/uploads\/2017\/10\/Portrait-ah_kl.jpg 400w, https:\/\/angela-hildebrandt.de\/wp-content\/uploads\/2017\/10\/Portrait-ah_kl-300x225.jpg 300w\" sizes=\"auto, (max-width: 400px) 100vw, 400px\" \/><br \/>\ngeboren in Horrem bei K\u00f6ln<br \/>\nP\u00e4dagogikstudium in Bonn<\/p>\n<p>1993 bis 1997<br \/>\nStudium an der Freien Kunsthochschule N\u00fcrtingen<br \/>\nbei G\u00fcnther Reger, Harry Walter, Ute Meta Bauer<\/p>\n<p>1996<br \/>\nMitbegr\u00fcnderin der K\u00fcnstlerinnengruppe <em>F.C.<\/em> art absurdum Reutlingen<\/p>\n<p>seit 1998<br \/>\nArbeit an dem Zyklus vice versa #<\/p>\n<p>seit 2006<br \/>\nVielecke<\/p>\n<p>seit 2008<br \/>\nMitglied artgerechte Haltung Bildende K\u00fcnstler Esslingen e.V.<\/p>\n<p>2008<br \/>\nGr\u00fcndung: The Piussisters<br \/>\n(Angela Hildebrandt und Petra Pfirmann)<\/p>\n<p>Atelier ETurm27<\/p>\n<hr \/>\n<p><strong>Ausstellungen, Aktionen, Projekte (Auswahl)<\/strong><\/p>\n<p>1995<br \/>\n<strong>\u2192Zwischenzeit <\/strong>Freie Kunsthochschule N\u00fcrtingen<\/p>\n<p>1996<br \/>\n<strong>\u2192Die \u00d6FFENTLICHE Familie <\/strong>Gruppenprojekt Jugend Art Reutlingen<br \/>\n<strong>\u2192Spuren der Zeit<\/strong>, Rauminstallation, Gruppenprojekt Schirmhalle Kirchentellinsfurt<\/p>\n<p>1997<br \/>\n<em><strong>\u2192F.C<\/strong><\/em><strong>. art absurdum -&gt; GesuchT GeschmacksbekenneR<br \/>\n<\/strong>Stadtbildaktion mit Aufklebern, Reutlingen, im Rahmen von Jugend Art<br \/>\n<strong>\u2192Kunst Regional <\/strong>Kornhaus, St\u00e4dtische Galerie Kirchheim\/Teck<br \/>\n<em><strong>\u2192F.C.<\/strong><\/em><strong> art absurdum -&gt; <\/strong>Video <strong>Fr\u00fchst\u00fcck im Gr\u00fcnen oder ein Anruf f\u00fcr Susanne K<\/strong>. Villa Dettinger, Plochingen<br \/>\n<em><strong>\u2192F.C.<\/strong><\/em><strong> art absurdum -&gt; UNIVERSSAGE<\/strong> \u2013 Die universelle Er\u00f6ffnungsrede Villa Dettinger, Plochingen u. St\u00e4dtische Galerie in der Stiftung, Reutlingen<\/p>\n<p>1998<br \/>\n<span style=\"margin: 0px; color: #555555; line-height: 107%; font-family: 'Crimson Text'; font-size: 13.5pt;\"><em><strong>\u2192F.C.<\/strong><\/em><strong> art absurdum<\/strong> -&gt; <b>Aktion &#8222;EHRE&#8220; <\/b><\/span><span style=\"margin: 0px; color: #555555; line-height: 107%; font-family: 'Crimson Text'; font-size: 13.5pt;\">\u2013 Finissage der Ausstellung\u00a0 <em>Junge Kunst <\/em><\/span><span style=\"margin: 0px; color: #555555; line-height: 107%; font-family: 'Crimson Text'; font-size: 13.5pt;\">St\u00e4dtische Galerie in der Stiftung, Reutlingen<br \/>\n<\/span><em style=\"font-family: 'Crimson Text'; font-size: 13.5pt;\"><strong>\u2192F.C. <\/strong><\/em><strong style=\"font-family: 'Crimson Text'; font-size: 13.5pt;\">art absurdum<\/strong><span style=\"font-family: 'Crimson Text'; font-size: 13.5pt;\"> -&gt; <\/span><b style=\"font-family: 'Crimson Text'; font-size: 13.5pt;\">Videoinstallationen <\/b><span style=\"margin: 0px; color: #555555; line-height: 107%; font-family: 'Crimson Text'; font-size: 13.5pt;\">Schauwand<\/span><span style=\"margin: 0px; color: #555555; line-height: 107%; font-family: 'Crimson Text'; font-size: 13.5pt;\">, Provisorium N\u00fcrtingen<br \/>\n<\/span><strong>\u2192Kunst Regional <\/strong>St\u00e4dtische Galerie Wendlingen a. N.<br \/>\n<span style=\"margin: 0px; color: #555555; line-height: 107%; font-family: 'Crimson Text'; font-size: 13.5pt;\"><i><strong>\u2192F.C.<\/strong><\/i><\/span><span style=\"margin: 0px; color: #555555; line-height: 107%; font-family: 'Crimson Text'; font-size: 13.5pt;\"><strong> art absurdum<\/strong> -&gt; <b>Jahresfeier <em>F.C.<\/em><\/b><\/span><span style=\"margin: 0px; color: #555555; line-height: 107%; font-family: 'Crimson Text'; font-size: 13.5pt;\"> &#8211; Performance, Atelier Burgstra\u00dfe Reutlingen<br \/>\n<\/span><span style=\"margin: 0px; color: #555555; line-height: 107%; font-family: 'Crimson Text'; font-size: 13.5pt;\"><i><strong>\u2192F.C.<\/strong><\/i><\/span><span style=\"margin: 0px; color: #555555; line-height: 107%; font-family: 'Crimson Text'; font-size: 13.5pt;\"><strong> art absurdum<\/strong> -&gt; <b>Text-Performance <\/b><\/span><span style=\"font-family: 'Crimson Text'; font-size: 13.5pt;\">Vernissage der Ausstellung <\/span><em style=\"font-family: 'Crimson Text'; font-size: 13.5pt;\">Verdichtung<\/em><span style=\"font-family: 'Crimson Text'; font-size: 13.5pt;\"> von Christl Friedmann,<br \/>\n<\/span><span style=\"font-family: 'Crimson Text'; font-size: 13.5pt;\">St\u00e4dtische Galerie Plochingen<\/span><\/p>\n<p>1999<br \/>\n<em><strong>\u2192F.C.<\/strong><\/em><strong> art absurdum -&gt; Die Vitrine oder die Kunst der Geselligkeit<\/strong> \u2013 Installation Landesbank Baden-W\u00fcrttemberg, Plochingen<br \/>\n<strong>\u2192Frau und Heim<\/strong>, Installation, Bund Bildender K\u00fcnstlerinnen, Stuttgart<br \/>\n<em><strong>\u2192F.C.<\/strong><\/em><strong> art absurdum<\/strong> -&gt; <strong>Schaufenster &#8211; Verkaufsausstellung, <\/strong>Innenstadt Reutlingen<\/p>\n<p>2000<br \/>\n<strong>\u2192Kunstbegegnung 2000 <\/strong>Rambouillet, Frankreich<br \/>\n<strong>\u2192Naturbetrachtungen <\/strong>Kornhaus, St\u00e4dtische Galerie Kirchheim\/Teck<br \/>\n<strong style=\"font-family: 'Crimson Text'; font-size: 13.5pt;\">\u21924 Jahre <em>F.C.<\/em> art absurdum <\/strong><span style=\"font-family: 'Crimson Text'; font-size: 13.5pt;\">Veranstaltung mit Aufl\u00f6sung der Gruppe, <\/span><span style=\"font-family: 'Crimson Text'; font-size: 13.5pt;\">Planie 22, Reutlingen<br \/>\n<\/span><strong>\u2192Kunst in der Region <\/strong>Kornhaus, St\u00e4dtische Galerie Kirchheim\/Teck<\/p>\n<p>2001<br \/>\n<strong>\u2192art alarm <\/strong>Stuttgarter Galerienrundgang, Galerie Keim<\/p>\n<p>2004<br \/>\n<strong>\u2192Aus dem Leben <\/strong>Hospiz Kirchheim, Museum im Kornhaus Kirchheim\/Teck (Katalog)<br \/>\n<strong>\u2192Wann sind wir da? <\/strong>Kunstverein Kirchheim, St\u00e4dtische Galerie Kirchheim\/ Teck<\/p>\n<p>2005<br \/>\n<strong>\u2192paarweise <\/strong>K\u00fcnstlergilde Ulm<br \/>\n<strong>\u2192Das Ma\u00df aller Dinge <\/strong>Galerie contact, B\u00f6blingen<br \/>\n<strong>\u2192Sichtung <\/strong>W\u00fcrttembergischer Kunstverein Stuttgart<\/p>\n<p>2006<br \/>\n<strong>\u2192beziehungsweise<\/strong> mit Harald Huss, Schauraum Kunstverein N\u00fcrtingen<br \/>\n<strong>\u2192Ann\u00e4herung<\/strong>, Projekt zu Max Eyth, Museum im Kornhaus Kirchheim\/Teck<br \/>\n<strong>\u2192Vernetzt <\/strong>Symposium B\u00f6blingen<\/p>\n<p>2007<br \/>\n<strong>\u2192Eva Maria Magdalena &#8211; Religion und Weiblichkeit <\/strong>St. Georg und verschiedene Orte, Stuttgart (Katalog)<br \/>\n<strong>\u2192Heimattreffen <\/strong>St\u00e4dtische Galerie Kirchheim\/Teck<br \/>\n<strong>\u2192Palais de Roi du Rome <\/strong>Rambouillet, Frankreich<br \/>\n<strong>\u2192o.T. <\/strong>Jahresgabe Kunstverein Kirchheim, St\u00e4dtische Galerie Kirchheim\/Teck<\/p>\n<p>2008<br \/>\n<strong>\u2192ultra <\/strong>Galerie contact, B\u00f6blingen<br \/>\n<strong>\u2192trawallje <\/strong>Bahnw\u00e4rterhaus, St\u00e4dtische Galerien Esslingen<\/p>\n<p>2009<br \/>\n<strong>\u2192INNEN II <\/strong>Atelierhaus Bund Bildender K\u00fcnstlerinnen, Stuttgart<br \/>\n<strong>\u2192musterhaft <\/strong>alte Miederfabrik G\u00f6ppingen, G\u00f6ppinger Kulturnacht<br \/>\n<strong>\u2192Interferenzen <\/strong>Hochschule Esslingen<\/p>\n<p>2010<br \/>\n<strong>\u2192Kunst und Gesellschaft <\/strong>W\u00fcrttembergischer Kunstverein Stuttgart<br \/>\n<strong style=\"font-family: 'Crimson Text'; font-size: 13.5pt;\">\u2192The Piussisters -&gt; Dies Irae <\/strong><span style=\"font-family: 'Crimson Text'; font-size: 13.5pt;\">zweiw\u00f6chige Inszenierung im Bahnw\u00e4rterhaus, <\/span><span style=\"font-family: 'Crimson Text'; font-size: 13.5pt;\">St\u00e4dtische Galerien Esslingen (Katalog) <\/span><span style=\"font-family: 'Crimson Text'; font-size: 13.5pt;\">&#8211; im Rahmen von switch! (ahbke e.V.)<\/span><\/p>\n<p>2011<br \/>\n<strong>\u2192Inter City <\/strong>Galerie INTER ART, Stuttgart<br \/>\n<strong style=\"font-family: 'Crimson Text'; font-size: 13.5pt;\">\u2192The Piussisters -&gt; durchbruch &#8211; alles wird gut <\/strong><span style=\"font-family: 'Crimson Text'; font-size: 13.5pt;\">Urbanes Leben, W\u00fcrttembergischer Kunstverein Stuttgart<br \/>\n<\/span><strong><span style=\"margin: 0px; color: #555555; font-family: 'Crimson Text'; font-size: 13.5pt;\">\u2192Galerie V\u00e1rosi Kalocsa, <\/span><\/strong><span style=\"margin: 0px; color: #555555; line-height: 107%; font-family: 'Crimson Text'; font-size: 13.5pt;\">Ungarn<br \/>\n<\/span><strong style=\"font-family: 'Crimson Text'; font-size: 13.5pt;\">\u2192The Piussisters &#8211; switch on!\u00a0 -&gt; Free Willy! <\/strong><span style=\"font-family: 'Crimson Text'; font-size: 13.5pt;\">Bahnw\u00e4rterhaus, St\u00e4dt. Galerien Esslingen<br \/>\n<\/span><strong>\u2192Artists and Friends\u00a0 <\/strong>St\u00e4dtische Galerie Kirchheim\/Teck<\/p>\n<p>2012<br \/>\n<strong>\u2192Grenz\u00fcberschreitung #04:<\/strong> <strong>dass nicht nichts oder ich k\u00f6nnte mich auch in die badewanne legen<br \/>\n<\/strong>Merkelpark und Bahnw\u00e4rterhaus, St\u00e4dt. Galerien Esslingen<br \/>\n<strong>\u2192WECHSELblick <\/strong>Kavalierhaus Langenargen<br \/>\n<strong>\u2192Performance bei Scherieble&amp;Staudt <\/strong>KUNSTBEZIRK &#8211; Galerie im Gustav-Siegle-Haus, Stuttgart<\/p>\n<p>2013<br \/>\n<strong>\u2192Hase in Oblate mit Potenzierung <\/strong>alte Miederfabrik G\u00f6ppingen, G\u00f6ppinger Kulturnacht<br \/>\n<strong>\u2192Gr\u00fc\u00df Gott<\/strong>, Pylone und Installation, KunstRaum Weiherstr. Esslingen, Phase eins (Katalog)<br \/>\n<strong>\u2192mantulum<\/strong>, Installation, KunstRaum Weiherstr. Esslingen, Phase zwei (Katalog)<br \/>\n<strong>\u2192hilf der heit<\/strong>, Installation im Rahmen der Ausstellung &#8222;Das Antlitz!&#8220;, W\u00fcrttembergischer Kunstverein Stuttgart<\/p>\n<p>2014<br \/>\n<strong>\u21922041 2014 Endlosschleife <\/strong>WKV Stuttgart<br \/>\n<strong>\u2192apfelschnitz_<\/strong>Performance mit Frauenchor, Garten Eden, Franziskanerkirche Esslingen (Katalog)<br \/>\n<strong>\u2192dazwischen_<\/strong>Installation, f\u00fcr Garten Eden, Marienkapelle im Salemer Pfleghof Esslingen (Katalog)<br \/>\n<strong>\u2192im irgendwo_<\/strong>digital, Ein Himmlischer Shitstorm (Katalog)<\/p>\n<p>2015<br \/>\n<strong>\u2192Wir tr\u00e4umen, tr\u00e4umen. Leckfenster &#8211; <\/strong>f\u00fcr Stand der Dinge im Stadtmuseum Esslingen<br \/>\n<strong>\u2192Bilder_wir hier <\/strong>St\u00e4dtische Galerie Filderstadt<\/p>\n<p>2016<br \/>\n<strong>\u2192Freier Blick, <\/strong>Performance zur Vernissage <em>haben wir uns schon gesehen<\/em>, KunstWerkstattWest Esslingen (Katalog)<br \/>\n<strong>\u2192Look_Suche nach dem \u00c4rgernis<\/strong> mit J\u00fcrgen Niederer f\u00fcr WestStadtKunst, KommBox und VHS Esslingen (Katalog)<br \/>\n<strong>\u2192einfach lassen<\/strong>, Malerei-Position im Rahmen von <em>Das Fremde<\/em>, Villa Berliner Stra\u00dfe, Esslingen (Katalog)<\/p>\n<p>2017<br \/>\n<strong>\u2192LANDEINW\u00c4RTS! <\/strong>&#8211; <em>Frischer Blick zeitgen\u00f6ssischer K\u00fcnstler in die Landschaft, <\/em>Galerie Br\u00f6tzinger Art, Pforzheim<br \/>\n<strong>\u2192LANDEINW\u00c4RTS! <\/strong>Internationale Gruppenausstellung zum Thema Landschaft, KunstWerk Fellbach<br \/>\n<strong><span style=\"margin: 0px; color: #555555; font-family: 'Crimson Text'; font-size: 13.5pt;\">\u2192BlackBox &#8211; <\/span><\/strong><span style=\"margin: 0px; color: #555555; font-family: 'Crimson Text'; font-size: 13.5pt;\">Mobile skulpturale Ausstellungsmodule im \u00f6ffentlichen Raum, <\/span><span style=\"font-family: 'Crimson Text'; font-size: 13.5pt;\">Projekt von Roland Kranz +, Claudia Bohnenstengel, Angela Hildebrandt, Judith Wenzelmann, Claus Staudt (Katalog)<br \/>\n<\/span><strong>\u2192Schiffe versenken<\/strong> &#8211; Handlung und L\u00fcftung f\u00fcr KunstFeldWest Esslingen (Katalog)<\/p>\n<p>2018<br \/>\n<strong style=\"color: #454545; font-family: 'Crimson Text'; font-size: 13.5pt;\">\u2192<\/strong><span style=\"color: #454545; font-family: 'Crimson Text'; font-size: 13.5pt;\">Atelier offen, Esslingen <\/span><b style=\"color: #454545; font-family: 'Crimson Text'; font-size: 13.5pt;\">Projekt BlackBox<\/b><span style=\"color: #454545; font-family: 'Crimson Text'; font-size: 13.5pt;\"> im Atelier C.B. und Stadtstrand und <\/span><strong style=\"color: #454545; font-family: 'Crimson Text'; font-size: 13.5pt;\">Fliegender Wechsel_<\/strong><strong style=\"color: #454545; font-family: 'Crimson Text'; font-size: 13.5pt;\">Shuttle Heiline<\/strong><span style=\"color: #454545; font-family: 'Crimson Text'; font-size: 13.5pt;\">, Performance<br \/>\n<\/span><strong>\u2192Blackbox <\/strong><span style=\"margin: 0px; color: #454545; font-family: 'Crimson Text'; font-size: 13.5pt;\">Galerie Oberlichtsaal Sindelfingen<br \/>\n<\/span><strong>\u2192Einsicht <\/strong>S\u00fcdwestmetall Esslingen<\/p>\n<p>2019<br \/>\n<strong>\u2192The Piussisters: Gnadengabe,\u00a0 die Anima Precaria <\/strong>Stundenkunst im Einraumhaus, Merkelpark,<br \/>\nim Kontext von GOOD SPACE Villa Merkel, Esslingen<br \/>\n<strong>\u2192Stadt \u00b7 Land \u00b7 Raum\u00a0 <\/strong>\u2013 Ausstellungsreihe \u201elandeinwaerts\u201c, Galerie im Aschingerhaus Oberderdingen<br \/>\n<strong>\u2192mehr Senf<\/strong> 100 Jahre VHS Esslingen, Hengstenberg Areal<\/p>\n<p>2020<strong><em><br \/>\n<\/em>\u2192mehr Senf\u00a0 <\/strong>100 Jahre, Finissage mit Katalogpr\u00e4sentation WestStadtKunst<strong><br \/>\n<\/strong>\u2192<strong>45 Zentimeter: The Piussisters spread the world, <\/strong><strong>Gnadenbilder<\/strong> im Fenster EG unter den Arkaden, St\u00e4dtische Galerie Kornhaus Kirchheim u. T.<br \/>\n\u2192<strong>Kunstgastst\u00e4tte \u201eF\u00fcrth im \u00dcbermorgen\u201c \u2026werden Sie satt, <\/strong>beteiligt mit \u2192Prek\u00e4re Mahlzeit: Manchmal haben wir Hunger. Dann essen wir unsere Kunst. Der Bogenhof, F\u00fcrth<\/p>\n<p><span style=\"color: #ffcc99;\">Weiteres coronabedingt\u00a0 verschoben<\/span><\/p>\n<p>2021<em><strong><br \/>\n<\/strong><\/em><span style=\"color: #333333;\"><strong>\u2192MenschenMa\u00dfe <\/strong>Unter den Arkaden, St\u00e4dtische Galerie Kornhaus Kirchheim u. Teck<br \/>\n<\/span><span style=\"color: #333333;\"><strong>\u2192Dom\u00e4ne: KUNST <\/strong><\/span><span style=\"color: #333333;\">Dom\u00e4ne Weil Ostfildern<br \/>\n<\/span><strong style=\"color: #333333;\">\u2192atelier offen <\/strong><span style=\"color: #333333;\">artgerechte Haltung Bildende K\u00fcnstler Esslingen e.V. <\/span><span style=\"color: #333333;\">+ frisch gedruckte Brosch\u00fcre &#8222;K\u00fcnstlerateliers&#8220;<\/span><\/p>\n<p><strong><span style=\"color: #ffcc99;\">Weiteres coronabedingt\u00a0 verschoben<\/span><\/strong><\/p>\n<p><span style=\"color: #333333;\">2022<br \/>\n\u2192<strong>In den Himmel geschaut <\/strong><\/span><span style=\"color: #333333;\">St\u00e4dtische Galerie Filderstadt<\/span><\/p>\n<p><span style=\"color: #333333;\">2023<\/span><br \/>\n<span style=\"color: #333333;\">\u2192<strong>Die ganze Wahrheit <\/strong>Fabrik 1887 Langheck Esslingen<br \/>\n<\/span><span style=\"color: #333333;\">\u2192<\/span><strong style=\"color: #333333;\">1983 &#8211; 2023 &#8211;<\/strong> <strong style=\"color: #333333;\">Zwischenzeit <\/strong><span style=\"color: #333333;\">KSK Kirchheim unter Teck<br \/>\n<\/span><span style=\"color: #333333;\">\u2192<strong>Zeitmarken <\/strong><\/span><span style=\"color: #333333;\">Galerie Diez, Dettingen<\/span><\/p>\n<p>2024<br \/>\n<span style=\"color: #333333;\">\u2192 <strong>7:7 MEINS&#8230;!\u00a0 <\/strong><\/span>HINSPIEL <span style=\"color: #333333;\">Galerie Kunstwerk, Fellbach<\/span><br \/>\n\u2192<strong>Zwillingsph\u00e4nomene <\/strong>Galerie Diez, Dettingen<\/p>\n<p>&nbsp;<\/p>\n<hr \/>\n<p><strong>Einzelausstellungen<\/strong><\/p>\n<p>2001<br \/>\n<span style=\"margin: 0px; color: #555555; font-family: 'Crimson Text'; font-size: 13.5pt;\"><strong>\u2192Gedankenraum | Schleuse | Herzraum oder die Best\u00e4ndigkeit des Wechsels <\/strong>Galerie Turbinenhaus Wendlingen<\/span><\/p>\n<p>2004<br \/>\n<span style=\"margin: 0px; color: #555555; font-family: 'Crimson Text'; font-size: 13.5pt;\"><strong>\u2192flanieren und ewiges vergehen \/ bilder und r\u00e4ume <\/strong>Kornhaus, St\u00e4dtische Galerie Kirchheim<\/span><\/p>\n<p>2005<br \/>\n<span style=\"margin: 0px; color: #555555; line-height: 107%; font-family: 'Crimson Text'; font-size: 13.5pt;\"><strong>\u2192Bezirke der Unverf\u00fcgbarkeit &#8211; Malerei <\/strong>KunstRaum Hindenburgstra\u00dfe, Laichingen<\/span><\/p>\n<p>2006<br \/>\n<span style=\"margin: 0px; color: #555555; line-height: 107%; font-family: 'Crimson Text'; font-size: 13.5pt;\"><strong>\u2192Blickverschr\u00e4nkung und Nachhall <\/strong>Zehntscheuer M\u00fcnsingen<br \/>\n<\/span><strong style=\"font-family: 'Crimson Text'; font-size: 13.5pt;\">\u2192Raum\u00f6ffnung im Dialog <\/strong><span style=\"font-family: 'Crimson Text'; font-size: 13.5pt;\">Galerie Forum Lindenthal, K\u00f6ln<br \/>\n<\/span><strong style=\"font-family: 'Crimson Text'; font-size: 13.5pt;\">\u2192&#8230;und wundern sich &#8211; Farbe<\/strong><span style=\"font-family: 'Crimson Text'; font-size: 13.5pt;\"> mit Harald Huss, <\/span><span style=\"font-family: 'Crimson Text'; font-size: 13.5pt;\">K\u00fcnstlerhaus Ulm<\/span><\/p>\n<p>2015<br \/>\n<span style=\"margin: 0px; color: #555555; line-height: 107%; font-family: 'Crimson Text'; font-size: 13.5pt;\"><strong>\u2192Grenz\u00fcberschreitung #04_2 <\/strong>Merkelpark \u2013 Sw\u00f4rz\u00e9w\u00f2, Polen<br \/>\n<strong>\u2192Ein Bauschild_<\/strong>Die unsichtbare Stadt, Kunstr\u00e4ume, Stadt im Fluss Esslingen (in Kooperation mit BOLTE)<br \/>\n<\/span><\/p>\n<p>2016<br \/>\n<strong>\u2192Look_Auszug der Echsen<\/strong><span style=\"display: inline !important; float: none; background-color: #ffffff; color: #555555; cursor: text; font-family: 'Crimson Text',serif; font-size: 18px; font-style: normal; font-variant: normal; font-weight: 400; letter-spacing: normal; orphans: 2; text-align: left; text-decoration: none; text-indent: 0px; text-transform: none; -webkit-text-stroke-width: 0px; white-space: normal; word-spacing: 0px;\">, Performance beim Fl\u00fcchlingscamp, <\/span><span style=\"display: inline !important; float: none; background-color: #ffffff; color: #555555; cursor: text; font-family: 'Crimson Text',serif; font-size: 18px; font-style: normal; font-variant: normal; font-weight: 400; letter-spacing: normal; orphans: 2; text-align: left; text-decoration: none; text-indent: 0px; text-transform: none; -webkit-text-stroke-width: 0px; white-space: normal; word-spacing: 0px;\">WestStadtKunst, Esslingen<\/span><\/p>\n<p>2017<br \/>\n<strong>\u2192Mit Smartphone und Calendula_Salbung<\/strong>, Einf\u00fchrung mit Performance zur Ausstellung von Bei\u00dfer\/Rudisch <em>-&gt; Das Zebra kr\u00e4ht um Mitternacht, <\/em>BBK Stuttgart<\/p>\n<p><span style=\"display: inline !important; float: none; background-color: #ffffff; color: #555555; cursor: text; font-family: 'Crimson Text',serif; font-size: 18px; font-style: normal; font-variant: normal; font-weight: 400; letter-spacing: normal; orphans: 2; text-align: left; text-decoration: none; text-indent: 0px; text-transform: none; -webkit-text-stroke-width: 0px; white-space: normal; word-spacing: 0px;\">2018<br \/>\n<\/span><strong>\u2192Bilder_einfach lassen <\/strong>\u00a0Kunst im Tanzhaus, Donauw\u00f6rth<br \/>\n<strong>\u2192Sch\u00f6nes Nichts_gegeben und genommen <\/strong>Installation in Keller 2, Kunst im Tuffsteinkeller, Honau (Katalog)<\/p>\n<p>2022<br \/>\n<strong>\u2192Zitternder Beifang <\/strong>Installation in Keller 2, <strong><span style=\"float: none; background-color: #ffffff; color: #333333; cursor: text; font-family: 'Crimson Text', serif; font-size: 18px; font-style: normal; font-variant: normal; font-weight: 400; letter-spacing: normal; orphans: 2; text-align: left; text-decoration: none; text-indent: 0px; text-transform: none; -webkit-text-stroke-width: 0px; white-space: normal; word-spacing: 0px; display: inline !important;\">Kunst im Tuffsteinkeller, Honau (Katalog)<\/span><\/strong><\/p>\n<p>2024<br \/>\n\u2192<strong>poly.fon &#8211; Lichtwandler. vermessen<\/strong> Kulturzentrum Dieselstra\u00dfe, Esslingen a. Neckar<\/p>\n<hr \/>\n<p><strong>Bibliografie<\/strong><\/p>\n<p>2004<br \/>\nAus dem Leben<br \/>\nHrsg.: Arbeitsgemeinschaft Hospiz Kirchheim\/ Teck<br \/>\nS. 8-11 und S. 24<\/p>\n<p>2008<br \/>\nEVA MARIA MAGDALENA<br \/>\nK\u00fcnstlerinnen zu Religion und Weiblichkeit<br \/>\nStuttgart 12. bis 26 Oktober 2007, mit einer Einf\u00fchrung von Barbara Heuss-Czisch<br \/>\nHrsg.: Anita Wiese, Stuttgart 2008, 56 Seiten<br \/>\nKatalog zur gleichnamigen Gruppenausstellung<br \/>\nS. 8-9 und S. 48-49<\/p>\n<p>2011<br \/>\nswitch! \u2013 \u00a0seen \u00a0not seen \u00a0don\u2019t know<br \/>\nmit einem Vorwort von Andreas Baur, Villa Merkel<br \/>\nHrsg.: Bahnw\u00e4rterhaus, Galerien der Stadt Esslingen<br \/>\nartgerechte Haltung Bildende K\u00fcnstler Esslingen e.V.<br \/>\n71 Seiten<br \/>\nS. 4, 5, 26-29, 62, 63, 69, 70<\/p>\n<p>2013<br \/>\nKunstRaum Weiherstr. 39<br \/>\nHrsg.: artgerechte Haltung Bildende K\u00fcnstler Esslingen e.V.<br \/>\n64 Seite<br \/>\nS. 7, 9, 32 \u2013 35, 39, 63<\/p>\n<p>2015<br \/>\nGarten Eden<br \/>\nHrsg.: artgerechte Haltung Bildende K\u00fcnstler Esslingen e.V. und Kloster f\u00fcr die Stadt<br \/>\n100 Seiten<br \/>\nS. 7, 12, 13, 44, 45<\/p>\n<p>2018<br \/>\nKunst im Tuffsteinkeller<\/p>\n<p>2020<br \/>\nWestStadtKunst 2016\/17<br \/>\nHrsg.: artgerechte Haltung Bildende K\u00fcnstler Esslingen e.V.<br \/>\n131 Seiten<br \/>\nS. 6, 7, 20, 28, 29, 44, 45, 46, 47, 70, 79-97, 120, 126, 127<\/p>\n<p><span style=\"color: #333333;\">2021<\/span><br \/>\n<span style=\"color: #333333;\">K\u00fcnstlerateliers<\/span><\/p>\n<p>2022<br \/>\nKunst im Tuffsteinkeller<\/p>\n<p>&nbsp;<\/p>\n<p>&nbsp;<\/p>\n<p>&nbsp;<\/p>\n","protected":false},"excerpt":{"rendered":"<p>Vorschau 2026 \u2192Ausstellung Gruppenausflug St\u00e4dtische Galerie Herrenberg Vorschau 2025 \u2192Neues im Kolonialwarenladen Galerie Diez, Dettingen \u2192Farbe der Ver\u00e4nderung artspace wieweg, Kirchheim u.T. &nbsp; &nbsp; geboren in Horrem bei K\u00f6ln P\u00e4dagogikstudium in Bonn 1993 bis 1997 Studium an der Freien Kunsthochschule N\u00fcrtingen bei G\u00fcnther Reger, Harry Walter, Ute Meta Bauer 1996 Mitbegr\u00fcnderin der K\u00fcnstlerinnengruppe F.C. art&hellip;<\/p>\n","protected":false},"author":1,"featured_media":0,"parent":0,"menu_order":0,"comment_status":"closed","ping_status":"open","template":"","meta":{"footnotes":""},"class_list":["post-2","page","type-page","status-publish","hentry","no-post-thumbnail","post-grid-4-col","entry"],"_links":{"self":[{"href":"https:\/\/angela-hildebrandt.de\/index.php?rest_route=\/wp\/v2\/pages\/2","targetHints":{"allow":["GET"]}}],"collection":[{"href":"https:\/\/angela-hildebrandt.de\/index.php?rest_route=\/wp\/v2\/pages"}],"about":[{"href":"https:\/\/angela-hildebrandt.de\/index.php?rest_route=\/wp\/v2\/types\/page"}],"author":[{"embeddable":true,"href":"https:\/\/angela-hildebrandt.de\/index.php?rest_route=\/wp\/v2\/users\/1"}],"replies":[{"embeddable":true,"href":"https:\/\/angela-hildebrandt.de\/index.php?rest_route=%2Fwp%2Fv2%2Fcomments&post=2"}],"version-history":[{"count":138,"href":"https:\/\/angela-hildebrandt.de\/index.php?rest_route=\/wp\/v2\/pages\/2\/revisions"}],"predecessor-version":[{"id":1735,"href":"https:\/\/angela-hildebrandt.de\/index.php?rest_route=\/wp\/v2\/pages\/2\/revisions\/1735"}],"wp:attachment":[{"href":"https:\/\/angela-hildebrandt.de\/index.php?rest_route=%2Fwp%2Fv2%2Fmedia&parent=2"}],"curies":[{"name":"wp","href":"https:\/\/api.w.org\/{rel}","templated":true}]}}