{"id":11,"date":"2017-11-14T10:10:06","date_gmt":"2017-11-14T09:10:06","guid":{"rendered":"http:\/\/aktuell.angela-hildebrandt.de\/?page_id=11"},"modified":"2024-02-01T11:39:52","modified_gmt":"2024-02-01T10:39:52","slug":"impressum","status":"publish","type":"page","link":"https:\/\/angela-hildebrandt.de\/?page_id=11","title":{"rendered":"impressum \/ kontakt"},"content":{"rendered":"<h4><\/h4>\n<h4><img loading=\"lazy\" decoding=\"async\" class=\"alignnone size-large wp-image-568\" src=\"http:\/\/angela-hildebrandt.de\/wp-content\/uploads\/2019\/09\/EFBGhcfXoAgyyn21-1-1024x479.jpg\" alt=\"\" width=\"869\" height=\"406\" srcset=\"https:\/\/angela-hildebrandt.de\/wp-content\/uploads\/2019\/09\/EFBGhcfXoAgyyn21-1-1024x479.jpg 1024w, https:\/\/angela-hildebrandt.de\/wp-content\/uploads\/2019\/09\/EFBGhcfXoAgyyn21-1-300x140.jpg 300w, https:\/\/angela-hildebrandt.de\/wp-content\/uploads\/2019\/09\/EFBGhcfXoAgyyn21-1-768x359.jpg 768w, https:\/\/angela-hildebrandt.de\/wp-content\/uploads\/2019\/09\/EFBGhcfXoAgyyn21-1.jpg 1080w\" sizes=\"auto, (max-width: 869px) 100vw, 869px\" \/><\/h4>\n<h4><\/h4>\n<p>Angela Hildebrandt \u2022 Gr\u00fcnenbergstr. 27\/1 \u2022 D &#8211; 73252 Lenningen<br \/>\nAtelier ETurm<\/p>\n<p><strong>Webseite \u2192 <\/strong>www.angela-hildebrandt.de<\/p>\n<p><strong>Kontakt \u2192 <\/strong>angela.hildebrandt@t-online.de<\/p>\n<p><strong>Redaktionell verantwortlich \u2192 <\/strong>Angela Hildebrandt<\/p>\n<p><strong>\u00a9<\/strong> \u2192 Diese Webseite enth\u00e4lt keinerlei kommerzielle Angebote. Die Inhalte sind, soweit nicht anders angegeben, geistiges Eigentum von Angela Hildebrandt.<br \/>\n<strong><br \/>\nHaftungs- und Schutzrechtshinweise \u2192 <\/strong>Links auf fremde Webseiten: Die Inhalte fremder Webseiten, auf die direkt oder indirekt verwiesen wird, liegen au\u00dferhalb des Verantwortungsbereiches der Betreiberin und sie macht sie sich nicht zu Eigen. F\u00fcr alle Inhalte und Nachteile, die aus der Nutzung der in den verlinkten Webseiten aufrufbaren Informationen entstehen, \u00fcbernimmt die Betreiberin keine Verantwortung.<\/p>\n<p><strong>Technischer Support f\u00fcr WordPress und Joomla Webseiten<br \/>\n<\/strong>sowie Bereinigung gehackter Webseiten und Shopsysteme<br \/>\nDie Nervenretter &#8211;\u00a0<a href=\"https:\/\/www.nervenretter.com\/\" target=\"_blank\" rel=\"noopener\">www.nervenretter.com<\/a><\/p>\n<p>&nbsp;<\/p>\n<p>&nbsp;<\/p>\n<h4><\/h4>\n<h4><\/h4>\n","protected":false},"excerpt":{"rendered":"<p>Angela Hildebrandt \u2022 Gr\u00fcnenbergstr. 27\/1 \u2022 D &#8211; 73252 Lenningen Atelier ETurm Webseite \u2192 www.angela-hildebrandt.de Kontakt \u2192 angela.hildebrandt@t-online.de Redaktionell verantwortlich \u2192 Angela Hildebrandt \u00a9 \u2192 Diese Webseite enth\u00e4lt keinerlei kommerzielle Angebote. Die Inhalte sind, soweit nicht anders angegeben, geistiges Eigentum von Angela Hildebrandt. Haftungs- und Schutzrechtshinweise \u2192 Links auf fremde Webseiten: Die Inhalte fremder Webseiten,&hellip;<\/p>\n","protected":false},"author":1,"featured_media":0,"parent":0,"menu_order":1,"comment_status":"closed","ping_status":"closed","template":"","meta":{"footnotes":""},"class_list":["post-11","page","type-page","status-publish","hentry","no-post-thumbnail","post-grid-4-col","entry"],"_links":{"self":[{"href":"https:\/\/angela-hildebrandt.de\/index.php?rest_route=\/wp\/v2\/pages\/11","targetHints":{"allow":["GET"]}}],"collection":[{"href":"https:\/\/angela-hildebrandt.de\/index.php?rest_route=\/wp\/v2\/pages"}],"about":[{"href":"https:\/\/angela-hildebrandt.de\/index.php?rest_route=\/wp\/v2\/types\/page"}],"author":[{"embeddable":true,"href":"https:\/\/angela-hildebrandt.de\/index.php?rest_route=\/wp\/v2\/users\/1"}],"replies":[{"embeddable":true,"href":"https:\/\/angela-hildebrandt.de\/index.php?rest_route=%2Fwp%2Fv2%2Fcomments&post=11"}],"version-history":[{"count":16,"href":"https:\/\/angela-hildebrandt.de\/index.php?rest_route=\/wp\/v2\/pages\/11\/revisions"}],"predecessor-version":[{"id":1583,"href":"https:\/\/angela-hildebrandt.de\/index.php?rest_route=\/wp\/v2\/pages\/11\/revisions\/1583"}],"wp:attachment":[{"href":"https:\/\/angela-hildebrandt.de\/index.php?rest_route=%2Fwp%2Fv2%2Fmedia&parent=11"}],"curies":[{"name":"wp","href":"https:\/\/api.w.org\/{rel}","templated":true}]}}